{"id":988,"date":"2025-12-21T18:51:59","date_gmt":"2025-12-21T18:51:59","guid":{"rendered":"https:\/\/baltibuss.ee\/?page_id=988"},"modified":"2025-12-21T19:15:09","modified_gmt":"2025-12-21T19:15:09","slug":"projektid","status":"publish","type":"page","link":"https:\/\/baltibuss.ee\/ru\/projektid\/","title":{"rendered":"Projektid"},"content":{"rendered":"<p>[et_pb_section fb_built=&#8221;1&#8243; admin_label=&#8221;Testimonials&#8221; _builder_version=&#8221;4.27.4&#8243; _module_preset=&#8221;default&#8221; background_enable_mask_style=&#8221;on&#8221; background_mask_style=&#8221;diagonal&#8221; background_mask_color=&#8221;rgba(87,191,227,0.2)&#8221; background_mask_transform=&#8221;invert|flip_horizontal|flip_vertical&#8221; custom_padding=&#8221;4vw||2vw||false|false&#8221; bottom_divider_color=&#8221;rgba(59,84,68,0.8)&#8221; bottom_divider_height=&#8221;400px&#8221; bottom_divider_flip=&#8221;vertical&#8221; hover_enabled=&#8221;0&#8243; da_disable_devices=&#8221;off|off|off&#8221; locked=&#8221;off&#8221; collapsed=&#8221;on&#8221; global_colors_info=&#8221;{%22gcid-369d6a5c-948a-46a7-83c8-2ed935036bdf%22:%91%22background_color%22%93}&#8221; background_enable_color=&#8221;off&#8221; sticky_enabled=&#8221;0&#8243; da_is_popup=&#8221;off&#8221; da_exit_intent=&#8221;off&#8221; da_has_close=&#8221;on&#8221; da_alt_close=&#8221;off&#8221; da_dark_close=&#8221;off&#8221; da_not_modal=&#8221;on&#8221; da_is_singular=&#8221;off&#8221; da_with_loader=&#8221;off&#8221; da_has_shadow=&#8221;on&#8221;][et_pb_row custom_padding_last_edited=&#8221;on|phone&#8221; _builder_version=&#8221;4.27.4&#8243; _module_preset=&#8221;default&#8221; background_enable_color=&#8221;off&#8221; use_background_color_gradient=&#8221;on&#8221; background_color_gradient_direction=&#8221;130deg&#8221; background_color_gradient_stops=&#8221;rgba(10,10,10,0.3) 17%|rgba(43,161,198,0.39) 99%&#8221; background_color_gradient_overlays_image=&#8221;on&#8221; background_image=&#8221;https:\/\/baltibuss.ee\/wp-content\/uploads\/2024\/10\/89q0kj3fy1.jpg&#8221; custom_margin=&#8221;||||false|false&#8221; custom_margin_tablet=&#8221;||||false|false&#8221; custom_margin_phone=&#8221;6vw||12vw||false|false&#8221; custom_margin_last_edited=&#8221;on|phone&#8221; custom_padding=&#8221;5vw||5vw||true|false&#8221; custom_padding_tablet=&#8221;5vw||5vw||true|false&#8221; custom_padding_phone=&#8221;6vw||6vw||true|false&#8221; border_radii=&#8221;on|50px|50px|50px|50px&#8221; saved_tabs=&#8221;all&#8221; locked=&#8221;off&#8221; global_colors_info=&#8221;{}&#8221;][et_pb_column type=&#8221;4_4&#8243; _builder_version=&#8221;4.27.4&#8243; _module_preset=&#8221;default&#8221; global_colors_info=&#8221;{}&#8221;][et_pb_post_title meta=&#8221;off&#8221; featured_image=&#8221;off&#8221; _builder_version=&#8221;4.27.4&#8243; _module_preset=&#8221;default&#8221; title_font=&#8221;Albert Sans|700|||||||&#8221; title_text_align=&#8221;center&#8221; title_text_color=&#8221;#FFFFFF&#8221; title_font_size=&#8221;50px&#8221; title_letter_spacing=&#8221;1px&#8221; custom_margin=&#8221;||||false|false&#8221; global_colors_info=&#8221;{}&#8221;][\/et_pb_post_title][\/et_pb_column][\/et_pb_row][\/et_pb_section][et_pb_section fb_built=&#8221;1&#8243; _builder_version=&#8221;4.27.4&#8243; _module_preset=&#8221;default&#8221; background_enable_mask_style=&#8221;on&#8221; background_mask_style=&#8221;diagonal&#8221; background_mask_color=&#8221;rgba(87,191,227,0.2)&#8221; background_mask_transform=&#8221;invert&#8221; width_tablet=&#8221;80%&#8221; width_phone=&#8221;80%&#8221; width_last_edited=&#8221;on|tablet&#8221; module_alignment=&#8221;center&#8221; custom_margin=&#8221;4vw||4vw||false|false&#8221; custom_padding=&#8221;0px||0px|||&#8221; hover_enabled=&#8221;0&#8243; da_disable_devices=&#8221;off|off|off&#8221; locked=&#8221;off&#8221; global_colors_info=&#8221;{}&#8221; background_enable_color=&#8221;off&#8221; sticky_enabled=&#8221;0&#8243; da_is_popup=&#8221;off&#8221; da_exit_intent=&#8221;off&#8221; da_has_close=&#8221;on&#8221; da_alt_close=&#8221;off&#8221; da_dark_close=&#8221;off&#8221; da_not_modal=&#8221;on&#8221; da_is_singular=&#8221;off&#8221; da_with_loader=&#8221;off&#8221; da_has_shadow=&#8221;on&#8221;][et_pb_row column_structure=&#8221;1_2,1_2&#8243; use_custom_gutter=&#8221;on&#8221; gutter_width=&#8221;4&#8243; _builder_version=&#8221;4.27.4&#8243; _module_preset=&#8221;default&#8221; width=&#8221;100%&#8221; custom_padding=&#8221;0px||0px|||&#8221; hover_enabled=&#8221;0&#8243; global_colors_info=&#8221;{}&#8221; sticky_enabled=&#8221;0&#8243;][et_pb_column type=&#8221;1_2&#8243; admin_label=&#8221;Tekst&#8221; _builder_version=&#8221;4.27.4&#8243; _module_preset=&#8221;default&#8221; custom_padding=&#8221;0px||||false|false&#8221; custom_padding_tablet=&#8221;0px||||false|false&#8221; custom_padding_phone=&#8221;||||false|false&#8221; custom_padding_last_edited=&#8221;on|phone&#8221; global_colors_info=&#8221;{}&#8221;][et_pb_heading title=&#8221;Kaasrahastanud Euroopa Liit&#8221; _builder_version=&#8221;4.27.4&#8243; _module_preset=&#8221;default&#8221; title_level=&#8221;h4&#8243; title_font=&#8221;Inter|700||on|||||&#8221; title_text_color=&#8221;#2BA1C6&#8243; title_font_size=&#8221;13px&#8221; title_letter_spacing=&#8221;2px&#8221; custom_margin=&#8221;||0px||false|false&#8221; hover_enabled=&#8221;0&#8243; title_font_size_tablet=&#8221;13px&#8221; title_font_size_phone=&#8221;12px&#8221; title_font_size_last_edited=&#8221;on|desktop&#8221; locked=&#8221;off&#8221; global_colors_info=&#8221;{}&#8221; sticky_enabled=&#8221;0&#8243;][\/et_pb_heading][et_pb_heading title=&#8221;PVC halli rajamine busside hoidmiseks&#8221; _builder_version=&#8221;4.27.4&#8243; _module_preset=&#8221;default&#8221; title_level=&#8221;h2&#8243; title_font=&#8221;&#8211;et_global_heading_font|600|||||||&#8221; title_text_color=&#8221;#022620&#8243; title_letter_spacing=&#8221;1px&#8221; title_line_height=&#8221;1.3em&#8221; custom_margin=&#8221;||10px||false|false&#8221; hover_enabled=&#8221;0&#8243; title_font_size_tablet=&#8221;40px&#8221; title_font_size_phone=&#8221;22px&#8221; title_font_size_last_edited=&#8221;on|desktop&#8221; global_colors_info=&#8221;{}&#8221; sticky_enabled=&#8221;0&#8243;][\/et_pb_heading][et_pb_text quote_border_color=&#8221;#2BA1C6&#8243; _builder_version=&#8221;4.27.4&#8243; _module_preset=&#8221;default&#8221; text_font=&#8221;Inter|600|||||||&#8221; text_text_color=&#8221;#000000&#8243; text_font_size=&#8221;16px&#8221; text_letter_spacing=&#8221;1px&#8221; text_line_height=&#8221;1.5em&#8221; link_text_color=&#8221;#736758&#8243; quote_font=&#8221;||||||||&#8221; quote_text_color=&#8221;#2BA1C6&#8243; quote_font_size=&#8221;24px&#8221; quote_line_height=&#8221;1.4em&#8221; header_font=&#8221;||||||||&#8221; header_font_size=&#8221;72px&#8221; header_line_height=&#8221;1.2em&#8221; header_2_font=&#8221;||||||||&#8221; header_2_font_size=&#8221;52px&#8221; header_2_line_height=&#8221;1.2em&#8221; header_3_font=&#8221;||||||||&#8221; header_3_font_size=&#8221;36px&#8221; header_3_line_height=&#8221;1.4em&#8221; header_4_font=&#8221;||||||||&#8221; header_4_font_size=&#8221;24px&#8221; header_4_line_height=&#8221;1.4em&#8221; header_5_font=&#8221;||||||||&#8221; header_5_font_size=&#8221;20px&#8221; header_5_line_height=&#8221;1.4em&#8221; header_6_font=&#8221;Inter|700|||||||&#8221; header_6_font_size=&#8221;16px&#8221; header_6_line_height=&#8221;1.4em&#8221; custom_margin=&#8221;||||false|false&#8221; custom_padding=&#8221;||||false|false&#8221; hover_enabled=&#8221;0&#8243; text_font_size_tablet=&#8221;15px&#8221; text_font_size_phone=&#8221;14px&#8221; text_font_size_last_edited=&#8221;on|phone&#8221; quote_font_size_tablet=&#8221;16px&#8221; quote_font_size_phone=&#8221;15px&#8221; quote_font_size_last_edited=&#8221;on|phone&#8221; header_font_size_tablet=&#8221;40px&#8221; header_font_size_phone=&#8221;24px&#8221; header_font_size_last_edited=&#8221;on|phone&#8221; header_2_font_size_tablet=&#8221;32px&#8221; header_2_font_size_phone=&#8221;20px&#8221; header_2_font_size_last_edited=&#8221;on|phone&#8221; header_3_font_size_tablet=&#8221;20px&#8221; header_3_font_size_phone=&#8221;18px&#8221; header_3_font_size_last_edited=&#8221;on|phone&#8221; header_4_font_size_tablet=&#8221;16px&#8221; header_4_font_size_phone=&#8221;15px&#8221; header_4_font_size_last_edited=&#8221;on|phone&#8221; header_5_font_size_tablet=&#8221;15px&#8221; header_5_font_size_phone=&#8221;14px&#8221; header_5_font_size_last_edited=&#8221;on|phone&#8221; header_6_font_size_tablet=&#8221;14px&#8221; header_6_font_size_phone=&#8221;14px&#8221; header_6_font_size_last_edited=&#8221;on|phone&#8221; global_colors_info=&#8221;{}&#8221; sticky_enabled=&#8221;0&#8243;]<\/p>\n<p data-start=\"223\" data-end=\"474\">Projekt h\u00f5lmas PVC halli ehitamist, et tagada bussidele turvaline ja ilmastikukindel hoiukoht. Rajatud hall loob paremad tingimused bussipargi igap\u00e4evaseks kasutamiseks, hooldamiseks ja s\u00e4ilitamiseks ning parandab t\u00f6\u00f6tajate t\u00f6\u00f6tingimusi aastaringselt.<\/p>\n<p><strong><span style=\"color: #2ba1c6;\">Eesm\u00e4rk, sisu ja tulemus: <\/span><\/strong>Projekti eesm\u00e4rk oli kaitsta busse ilmastikum\u00f5jude eest, pikendada nende kasutusiga ning luua bussijuhtidele ja hooldust\u00f6\u00f6tajatele mugavam ja turvalisem t\u00f6\u00f6keskkond.<\/p>\n<p><span style=\"color: #2ba1c6;\"><strong>Tulemus:<\/strong><\/span> Valminud PVC hall pakub bussidele kindlat varjualust igasuguste ilmastikutingimuste korral, v\u00f5imaldab talvisel perioodil kasutada j\u00e4\u00e4vabu s\u00f5idukeid ning loob aastaringse kuiva ja mugava t\u00f6\u00f6koha busside koristamiseks ja hooldamiseks.<\/p>\n<p data-start=\"1048\" data-end=\"1088\">\n<p>[\/et_pb_text][\/et_pb_column][et_pb_column type=&#8221;1_2&#8243; admin_label=&#8221;EU pilt&#8221; _builder_version=&#8221;4.27.4&#8243; _module_preset=&#8221;default&#8221; custom_padding=&#8221;2vw||6vw||false|false&#8221; hover_enabled=&#8221;0&#8243; global_colors_info=&#8221;{}&#8221; sticky_enabled=&#8221;0&#8243;][et_pb_image src=&#8221;https:\/\/baltibuss.ee\/wp-content\/uploads\/2025\/12\/kaasrahastanud.webp&#8221; title_text=&#8221;kaasrahastanud&#8221; show_bottom_space=&#8221;off&#8221; align_tablet=&#8221;&#8221; align_phone=&#8221;&#8221; align_last_edited=&#8221;on|phone&#8221; _builder_version=&#8221;4.27.4&#8243; _module_preset=&#8221;default&#8221; background_enable_color=&#8221;off&#8221; z_index=&#8221;11&#8243; module_alignment=&#8221;left&#8221; custom_margin=&#8221;0px||||false|false&#8221; custom_padding=&#8221;|15%||15%|false|true&#8221; hover_enabled=&#8221;0&#8243; border_radii=&#8221;on|15px|15px|15px|15px&#8221; border_width_all=&#8221;16px&#8221; border_color_all=&#8221;#FFFFFF&#8221; box_shadow_style=&#8221;preset3&#8243; box_shadow_horizontal=&#8221;10px&#8221; box_shadow_vertical=&#8221;40px&#8221; box_shadow_blur=&#8221;40px&#8221; box_shadow_spread=&#8221;10px&#8221; box_shadow_color=&#8221;rgba(0,0,0,0.11)&#8221; global_colors_info=&#8221;{}&#8221; box_shadow_color__hover=&#8221;RGBA(255,255,255,0)&#8221; box_shadow_color__hover_enabled=&#8221;on|hover&#8221; transform_styles__hover_enabled=&#8221;on|hover&#8221; transform_scale__hover=&#8221;99%|99%&#8221; transform_scale__hover_enabled=&#8221;on|hover&#8221; transform_translate__hover_enabled=&#8221;on|hover&#8221; transform_rotate__hover_enabled=&#8221;on|hover&#8221; transform_skew__hover_enabled=&#8221;on|hover&#8221; transform_origin__hover_enabled=&#8221;on|hover&#8221; sticky_enabled=&#8221;0&#8243;][\/et_pb_image][\/et_pb_column][\/et_pb_row][\/et_pb_section]<\/p>\n","protected":false},"excerpt":{"rendered":"<p>Projekt h\u00f5lmas PVC halli ehitamist, et tagada bussidele turvaline ja ilmastikukindel hoiukoht. Rajatud hall loob paremad tingimused bussipargi igap\u00e4evaseks kasutamiseks, hooldamiseks ja s\u00e4ilitamiseks ning parandab t\u00f6\u00f6tajate t\u00f6\u00f6tingimusi aastaringselt. Eesm\u00e4rk, sisu ja tulemus: Projekti eesm\u00e4rk oli kaitsta busse ilmastikum\u00f5jude eest, pikendada nende kasutusiga ning luua bussijuhtidele ja hooldust\u00f6\u00f6tajatele mugavam ja turvalisem t\u00f6\u00f6keskkond. Tulemus: Valminud PVC hall [&hellip;]<\/p>\n","protected":false},"author":1,"featured_media":0,"parent":0,"menu_order":0,"comment_status":"closed","ping_status":"closed","template":"","meta":{"_et_pb_use_builder":"on","_et_pb_old_content":"","_et_gb_content_width":"","footnotes":""},"difl_page_category":[],"class_list":["post-988","page","type-page","status-publish","hentry"],"yoast_head":"<!-- This site is optimized with the Yoast SEO Premium plugin v26.7 (Yoast SEO v27.5) - https:\/\/yoast.com\/product\/yoast-seo-premium-wordpress\/ -->\n<title>Projektid | Baltibuss<\/title>\n<meta name=\"robots\" content=\"index, follow, max-snippet:-1, max-image-preview:large, max-video-preview:-1\" \/>\n<link rel=\"canonical\" href=\"https:\/\/baltibuss.ee\/ru\/projektid\/\" \/>\n<meta property=\"og:locale\" content=\"ru_RU\" \/>\n<meta property=\"og:type\" content=\"article\" \/>\n<meta property=\"og:title\" content=\"Projektid\" \/>\n<meta property=\"og:description\" content=\"Projekt h\u00f5lmas PVC halli ehitamist, et tagada bussidele turvaline ja ilmastikukindel hoiukoht. Rajatud hall loob paremad tingimused bussipargi igap\u00e4evaseks kasutamiseks, hooldamiseks ja s\u00e4ilitamiseks ning parandab t\u00f6\u00f6tajate t\u00f6\u00f6tingimusi aastaringselt. Eesm\u00e4rk, sisu ja tulemus: Projekti eesm\u00e4rk oli kaitsta busse ilmastikum\u00f5jude eest, pikendada nende kasutusiga ning luua bussijuhtidele ja hooldust\u00f6\u00f6tajatele mugavam ja turvalisem t\u00f6\u00f6keskkond. Tulemus: Valminud PVC hall [&hellip;]\" \/>\n<meta property=\"og:url\" content=\"https:\/\/baltibuss.ee\/ru\/projektid\/\" \/>\n<meta property=\"og:site_name\" content=\"Baltibuss\" \/>\n<meta property=\"article:modified_time\" content=\"2025-12-21T19:15:09+00:00\" \/>\n<meta name=\"twitter:card\" content=\"summary_large_image\" \/>\n<meta name=\"twitter:label1\" content=\"\u041f\u0440\u0438\u043c\u0435\u0440\u043d\u043e\u0435 \u0432\u0440\u0435\u043c\u044f \u0434\u043b\u044f \u0447\u0442\u0435\u043d\u0438\u044f\" \/>\n\t<meta name=\"twitter:data1\" content=\"1 \u043c\u0438\u043d\u0443\u0442\u0430\" \/>\n<script type=\"application\/ld+json\" class=\"yoast-schema-graph\">{\"@context\":\"https:\\\/\\\/schema.org\",\"@graph\":[{\"@type\":\"WebPage\",\"@id\":\"https:\\\/\\\/baltibuss.ee\\\/projektid\\\/\",\"url\":\"https:\\\/\\\/baltibuss.ee\\\/projektid\\\/\",\"name\":\"Projektid | Baltibuss\",\"isPartOf\":{\"@id\":\"https:\\\/\\\/baltibuss.ee\\\/#website\"},\"datePublished\":\"2025-12-21T18:51:59+00:00\",\"dateModified\":\"2025-12-21T19:15:09+00:00\",\"breadcrumb\":{\"@id\":\"https:\\\/\\\/baltibuss.ee\\\/projektid\\\/#breadcrumb\"},\"inLanguage\":\"ru-RU\",\"potentialAction\":[{\"@type\":\"ReadAction\",\"target\":[\"https:\\\/\\\/baltibuss.ee\\\/projektid\\\/\"]}]},{\"@type\":\"BreadcrumbList\",\"@id\":\"https:\\\/\\\/baltibuss.ee\\\/projektid\\\/#breadcrumb\",\"itemListElement\":[{\"@type\":\"ListItem\",\"position\":1,\"name\":\"Home\",\"item\":\"https:\\\/\\\/baltibuss.ee\\\/\"},{\"@type\":\"ListItem\",\"position\":2,\"name\":\"Projektid\"}]},{\"@type\":\"WebSite\",\"@id\":\"https:\\\/\\\/baltibuss.ee\\\/#website\",\"url\":\"https:\\\/\\\/baltibuss.ee\\\/\",\"name\":\"Baltibuss.ee\",\"description\":\"Bussireisid Eestis ja maailmas\",\"alternateName\":\"Baltibuss\",\"potentialAction\":[{\"@type\":\"SearchAction\",\"target\":{\"@type\":\"EntryPoint\",\"urlTemplate\":\"https:\\\/\\\/baltibuss.ee\\\/?s={search_term_string}\"},\"query-input\":{\"@type\":\"PropertyValueSpecification\",\"valueRequired\":true,\"valueName\":\"search_term_string\"}}],\"inLanguage\":\"ru-RU\"}]}<\/script>\n<!-- \/ Yoast SEO Premium plugin. -->","yoast_head_json":{"title":"Projektid | Baltibuss","robots":{"index":"index","follow":"follow","max-snippet":"max-snippet:-1","max-image-preview":"max-image-preview:large","max-video-preview":"max-video-preview:-1"},"canonical":"https:\/\/baltibuss.ee\/ru\/projektid\/","og_locale":"ru_RU","og_type":"article","og_title":"Projektid","og_description":"Projekt h\u00f5lmas PVC halli ehitamist, et tagada bussidele turvaline ja ilmastikukindel hoiukoht. Rajatud hall loob paremad tingimused bussipargi igap\u00e4evaseks kasutamiseks, hooldamiseks ja s\u00e4ilitamiseks ning parandab t\u00f6\u00f6tajate t\u00f6\u00f6tingimusi aastaringselt. Eesm\u00e4rk, sisu ja tulemus: Projekti eesm\u00e4rk oli kaitsta busse ilmastikum\u00f5jude eest, pikendada nende kasutusiga ning luua bussijuhtidele ja hooldust\u00f6\u00f6tajatele mugavam ja turvalisem t\u00f6\u00f6keskkond. Tulemus: Valminud PVC hall [&hellip;]","og_url":"https:\/\/baltibuss.ee\/ru\/projektid\/","og_site_name":"Baltibuss","article_modified_time":"2025-12-21T19:15:09+00:00","twitter_card":"summary_large_image","twitter_misc":{"\u041f\u0440\u0438\u043c\u0435\u0440\u043d\u043e\u0435 \u0432\u0440\u0435\u043c\u044f \u0434\u043b\u044f \u0447\u0442\u0435\u043d\u0438\u044f":"1 \u043c\u0438\u043d\u0443\u0442\u0430"},"schema":{"@context":"https:\/\/schema.org","@graph":[{"@type":"WebPage","@id":"https:\/\/baltibuss.ee\/projektid\/","url":"https:\/\/baltibuss.ee\/projektid\/","name":"Projektid | Baltibuss","isPartOf":{"@id":"https:\/\/baltibuss.ee\/#website"},"datePublished":"2025-12-21T18:51:59+00:00","dateModified":"2025-12-21T19:15:09+00:00","breadcrumb":{"@id":"https:\/\/baltibuss.ee\/projektid\/#breadcrumb"},"inLanguage":"ru-RU","potentialAction":[{"@type":"ReadAction","target":["https:\/\/baltibuss.ee\/projektid\/"]}]},{"@type":"BreadcrumbList","@id":"https:\/\/baltibuss.ee\/projektid\/#breadcrumb","itemListElement":[{"@type":"ListItem","position":1,"name":"Home","item":"https:\/\/baltibuss.ee\/"},{"@type":"ListItem","position":2,"name":"Projektid"}]},{"@type":"WebSite","@id":"https:\/\/baltibuss.ee\/#website","url":"https:\/\/baltibuss.ee\/","name":"Baltibuss.ee","description":"Bussireisid Eestis ja maailmas","alternateName":"Baltibuss","potentialAction":[{"@type":"SearchAction","target":{"@type":"EntryPoint","urlTemplate":"https:\/\/baltibuss.ee\/?s={search_term_string}"},"query-input":{"@type":"PropertyValueSpecification","valueRequired":true,"valueName":"search_term_string"}}],"inLanguage":"ru-RU"}]}},"_links":{"self":[{"href":"https:\/\/baltibuss.ee\/ru\/wp-json\/wp\/v2\/pages\/988","targetHints":{"allow":["GET"]}}],"collection":[{"href":"https:\/\/baltibuss.ee\/ru\/wp-json\/wp\/v2\/pages"}],"about":[{"href":"https:\/\/baltibuss.ee\/ru\/wp-json\/wp\/v2\/types\/page"}],"author":[{"embeddable":true,"href":"https:\/\/baltibuss.ee\/ru\/wp-json\/wp\/v2\/users\/1"}],"replies":[{"embeddable":true,"href":"https:\/\/baltibuss.ee\/ru\/wp-json\/wp\/v2\/comments?post=988"}],"version-history":[{"count":11,"href":"https:\/\/baltibuss.ee\/ru\/wp-json\/wp\/v2\/pages\/988\/revisions"}],"predecessor-version":[{"id":1006,"href":"https:\/\/baltibuss.ee\/ru\/wp-json\/wp\/v2\/pages\/988\/revisions\/1006"}],"wp:attachment":[{"href":"https:\/\/baltibuss.ee\/ru\/wp-json\/wp\/v2\/media?parent=988"}],"wp:term":[{"taxonomy":"difl_page_category","embeddable":true,"href":"https:\/\/baltibuss.ee\/ru\/wp-json\/wp\/v2\/difl_page_category?post=988"}],"curies":[{"name":"wp","href":"https:\/\/api.w.org\/{rel}","templated":true}]}}